{"id":14,"date":"2016-11-26T12:29:43","date_gmt":"2016-11-26T11:29:43","guid":{"rendered":"http:\/\/www.virngrund-schwaben.de\/?page_id=14"},"modified":"2023-02-28T09:53:35","modified_gmt":"2023-02-28T08:53:35","slug":"geschichte","status":"publish","type":"page","link":"https:\/\/www.virngrund-schwaben.de\/?page_id=14","title":{"rendered":"Vorstand"},"content":{"rendered":"<p><strong>Die Vorstandschaft der Virngrund-Schwaben Rosenberg<\/strong><\/p>\n<p><strong>1. Vorstand<\/strong><br \/>\nFlorian Schenk<br \/>\n<em>Anschrift:<\/em><br \/>\nGeiselroter Str. 5<br \/>\n73494 Rosenberg<br \/>\nE-Mail: Florian@virngrund-schwaben.de<\/p>\n<p><strong>2. Vorstand<\/strong><br \/>\nSimon Rettenmeier<br \/>\n<em>Anschrift:<\/em><br \/>\n&nbsp;Schaf\u00e4ckerstr. 15<br \/>\n&nbsp;74426 B\u00fchlerzell<br \/>\nE-Mail: Simon.rettenmeier@web.de<\/p>\n<p><strong>Kassenwart<br \/>\n<\/strong>Stephan Maas<br \/>\n<em>Anschrift:<\/em><br \/>\nBirkenstr. 8<br \/>\n73494 Rosenberg<br \/>\nE-Mail: Stephan.maas@tesionmail.de<\/p>\n<p><strong>Schriftf\u00fchrer<\/strong><br \/>\nSteffen Hirschle<br \/>\n<em>Anschrift:<\/em><br \/>\nOhrm\u00fchle<br \/>\n73494 Rosenberg<br \/>\nE-Mail: Steffen@virngrund-schwaben.de<\/p>\n<p>W\u00fcnscht Ihr weiter Infos \u00fcber unseren Fanclub, oder habt Anregungen gerne per Mail an:<br \/>\nInfo@virngrund-schwaben.de<\/p>\n","protected":false},"excerpt":{"rendered":"<p>Die Vorstandschaft der Virngrund-Schwaben Rosenberg 1. Vorstand Florian Schenk Anschrift: Geiselroter Str. 5 73494 Rosenberg E-Mail: Florian@virngrund-schwaben.de 2. Vorstand Simon Rettenmeier Anschrift: &nbsp;Schaf\u00e4ckerstr. 15 &nbsp;74426 B\u00fchlerzell E-Mail: Simon.rettenmeier@web.de Kassenwart Stephan Maas Anschrift: Birkenstr. 8 73494 Rosenberg E-Mail: Stephan.maas@tesionmail.de Schriftf\u00fchrer Steffen Hirschle Anschrift: Ohrm\u00fchle 73494 Rosenberg E-Mail: Steffen@virngrund-schwaben.de W\u00fcnscht Ihr weiter Infos \u00fcber unseren Fanclub, oder [&hellip;]<\/p>\n","protected":false},"author":1,"featured_media":81,"parent":0,"menu_order":0,"comment_status":"closed","ping_status":"closed","template":"","meta":{"ngg_post_thumbnail":0,"footnotes":""},"class_list":["post-14","page","type-page","status-publish","has-post-thumbnail","hentry"],"_links":{"self":[{"href":"https:\/\/www.virngrund-schwaben.de\/index.php?rest_route=\/wp\/v2\/pages\/14","targetHints":{"allow":["GET"]}}],"collection":[{"href":"https:\/\/www.virngrund-schwaben.de\/index.php?rest_route=\/wp\/v2\/pages"}],"about":[{"href":"https:\/\/www.virngrund-schwaben.de\/index.php?rest_route=\/wp\/v2\/types\/page"}],"author":[{"embeddable":true,"href":"https:\/\/www.virngrund-schwaben.de\/index.php?rest_route=\/wp\/v2\/users\/1"}],"replies":[{"embeddable":true,"href":"https:\/\/www.virngrund-schwaben.de\/index.php?rest_route=%2Fwp%2Fv2%2Fcomments&post=14"}],"version-history":[{"count":9,"href":"https:\/\/www.virngrund-schwaben.de\/index.php?rest_route=\/wp\/v2\/pages\/14\/revisions"}],"predecessor-version":[{"id":577,"href":"https:\/\/www.virngrund-schwaben.de\/index.php?rest_route=\/wp\/v2\/pages\/14\/revisions\/577"}],"wp:featuredmedia":[{"embeddable":true,"href":"https:\/\/www.virngrund-schwaben.de\/index.php?rest_route=\/wp\/v2\/media\/81"}],"wp:attachment":[{"href":"https:\/\/www.virngrund-schwaben.de\/index.php?rest_route=%2Fwp%2Fv2%2Fmedia&parent=14"}],"curies":[{"name":"wp","href":"https:\/\/api.w.org\/{rel}","templated":true}]}}