{"id":322,"date":"2017-11-01T10:22:22","date_gmt":"2017-11-01T09:22:22","guid":{"rendered":"http:\/\/www.virngrund-schwaben.de\/?page_id=322"},"modified":"2017-11-01T10:46:12","modified_gmt":"2017-11-01T09:46:12","slug":"saison-20162017","status":"publish","type":"page","link":"https:\/\/www.virngrund-schwaben.de\/?page_id=322","title":{"rendered":"Saison 2016\/2017"},"content":{"rendered":"<p>Auch in der Zweitligasaison 2016\/2017 waren die Virngrund-Schwaben Rosenberg im Zeichen des Brustrings unterwegs und haben die Mission Wiederaufstieg tatkr\u00e4ftig unterst\u00fctzt. Hier findet ihr einige Eindr\u00fccke, welche wir in Berlin, Aue, W\u00fcrzburg ect. gewinnen konnten. <\/p>\n<p><a href=\"http:\/\/www.virngrund-schwaben.de\/?page_id=97\">20.11.2016 &#8211; 1. FC Union Berlin &#8211; VfB Stuttgart<\/a><br \/>\n<a href=\"http:\/\/www.virngrund-schwaben.de\/?page_id=190\">30.10.2016 &#8211; Karlsruher SC &#8211; VfB Stuttgart<\/a><br \/>\n<a href=\"http:\/\/www.virngrund-schwaben.de\/?page_id=164\">04.12.2016 &#8211; Erzgebirge Aue &#8211; VfB Stuttgart<\/a><br \/>\n<a href=\"http:\/\/www.virngrund-schwaben.de\/?page_id=230\">18.12.2016 &#8211; W\u00fcrzburger Kickers &#8211; VfB Stuttgart<\/a><br \/>\n<a href=\"http:\/\/www.virngrund-schwaben.de\/?page_id=244\">29.01.2017 &#8211; FC St. Pauli &#8211; VfB Stuttgart<\/a><br \/>\n<a href=\"http:\/\/www.virngrund-schwaben.de\/?page_id=273\">29.04.2017 &#8211; 1.FC N\u00fcrnberg &#8211; VfB Stuttgart<\/a><br \/>\n<a href=\"http:\/\/www.virngrund-schwaben.de\/?page_id=275\">14.05.2017 &#8211; Hannover 96 &#8211; VfB Stuttgart<\/a><\/p>\n","protected":false},"excerpt":{"rendered":"<p>Auch in der Zweitligasaison 2016\/2017 waren die Virngrund-Schwaben Rosenberg im Zeichen des Brustrings unterwegs und haben die Mission Wiederaufstieg tatkr\u00e4ftig unterst\u00fctzt. Hier findet ihr einige Eindr\u00fccke, welche wir in Berlin, Aue, W\u00fcrzburg ect. gewinnen konnten. 20.11.2016 &#8211; 1. FC Union Berlin &#8211; VfB Stuttgart 30.10.2016 &#8211; Karlsruher SC &#8211; VfB Stuttgart 04.12.2016 &#8211; Erzgebirge Aue [&hellip;]<\/p>\n","protected":false},"author":1,"featured_media":0,"parent":0,"menu_order":0,"comment_status":"closed","ping_status":"closed","template":"","meta":{"ngg_post_thumbnail":0,"footnotes":""},"class_list":["post-322","page","type-page","status-publish","hentry"],"_links":{"self":[{"href":"https:\/\/www.virngrund-schwaben.de\/index.php?rest_route=\/wp\/v2\/pages\/322","targetHints":{"allow":["GET"]}}],"collection":[{"href":"https:\/\/www.virngrund-schwaben.de\/index.php?rest_route=\/wp\/v2\/pages"}],"about":[{"href":"https:\/\/www.virngrund-schwaben.de\/index.php?rest_route=\/wp\/v2\/types\/page"}],"author":[{"embeddable":true,"href":"https:\/\/www.virngrund-schwaben.de\/index.php?rest_route=\/wp\/v2\/users\/1"}],"replies":[{"embeddable":true,"href":"https:\/\/www.virngrund-schwaben.de\/index.php?rest_route=%2Fwp%2Fv2%2Fcomments&post=322"}],"version-history":[{"count":7,"href":"https:\/\/www.virngrund-schwaben.de\/index.php?rest_route=\/wp\/v2\/pages\/322\/revisions"}],"predecessor-version":[{"id":333,"href":"https:\/\/www.virngrund-schwaben.de\/index.php?rest_route=\/wp\/v2\/pages\/322\/revisions\/333"}],"wp:attachment":[{"href":"https:\/\/www.virngrund-schwaben.de\/index.php?rest_route=%2Fwp%2Fv2%2Fmedia&parent=322"}],"curies":[{"name":"wp","href":"https:\/\/api.w.org\/{rel}","templated":true}]}}